{"id":16,"date":"2019-07-06T15:45:40","date_gmt":"2019-07-06T15:45:40","guid":{"rendered":"http:\/\/holzundstahl.com\/?page_id=16"},"modified":"2024-09-19T04:53:34","modified_gmt":"2024-09-19T04:53:34","slug":"projekte","status":"publish","type":"page","link":"https:\/\/holzundstahl.com\/?page_id=16","title":{"rendered":"PROJEKTE"},"content":{"rendered":"\n<p style=\"text-align: justify;\">Seit 2003 stehen wir mit unseren individuellen Projekten rund um&#8217;s Bauen im Bestand f\u00fcr schw\u00e4bisch-deutsche Qualit\u00e4t. Wir \u00fcberzeugen durch kompetente_kreative_gestalterische Planung mit unserem Ingenieurb\u00fcro <strong>b\u00f6ttinger<\/strong> sowie der Ausf\u00fchrung durch die Firma <strong>holzundstahl<\/strong>. Lassen Sie sich von den nachstehenden LeistungsBereichen faszinieren und tauchen Sie ein in die einzelnen ReferenzProjekte.<br><br><\/p>\n\n\n\n<div class=\"is-layout-flex wp-container-4 wp-block-columns has-3-columns\">\n<div class=\"is-layout-flow wp-block-column\">\n<p style=\"text-align: justify;\"><a href=\"https:\/\/holzundstahl.com\/?page_id=127\">MODERNISIEREN <\/a><a href=\"https:\/\/holzundstahl.com\/?page_id=127\">| <\/a><a href=\"https:\/\/holzundstahl.com\/?page_id=127\">WERTE ERHALTEN<\/a><br \/><br \/><br \/>Lassen Sie sich begeistern von unserem Umbau des alten WaldenserBauernhauses aus dem Jahre 1890.<\/p>\n<p>Klar, wir k\u00f6nnen auch CarBikePorts<\/p>\n\n\n\n<figure class=\"wp-block-image size-large\"><a href=\"https:\/\/holzundstahl.com\/?page_id=127\"><img fetchpriority=\"high\" decoding=\"async\" width=\"1024\" height=\"590\" src=\"https:\/\/holzundstahl.com\/wp-content\/uploads\/2024\/09\/IMG_7163-1024x590.jpg\" alt=\"\" class=\"wp-image-886\" srcset=\"https:\/\/holzundstahl.com\/wp-content\/uploads\/2024\/09\/IMG_7163-1024x590.jpg 1024w, https:\/\/holzundstahl.com\/wp-content\/uploads\/2024\/09\/IMG_7163-300x173.jpg 300w, https:\/\/holzundstahl.com\/wp-content\/uploads\/2024\/09\/IMG_7163-768x443.jpg 768w, https:\/\/holzundstahl.com\/wp-content\/uploads\/2024\/09\/IMG_7163-1536x886.jpg 1536w, https:\/\/holzundstahl.com\/wp-content\/uploads\/2024\/09\/IMG_7163.jpg 2031w\" sizes=\"(max-width: 1024px) 100vw, 1024px\" \/><\/a><figcaption class=\"wp-element-caption\"><em>F\u00fcr mehr Bilder auf das Bild klicken!<\/em><\/figcaption><\/figure>\n<\/div>\n\n\n\n<div class=\"is-layout-flow wp-block-column\">\n<p style=\"text-align: justify;\"><a href=\"https:\/\/holzundstahl.com\/?page_id=126\">WOHNEN&nbsp; |&nbsp; &nbsp; LEBEN&nbsp; |&nbsp; &nbsp; ARBEITEN <\/a><br><br><br>Tauchen Sie vollst\u00e4ndig ein in R\u00e4ume unterschiedlicher Lebenswelten.<\/p>\n\n\n\n<figure class=\"wp-block-image\"><a href=\"https:\/\/holzundstahl.com\/?page_id=126\"><img decoding=\"async\" width=\"1378\" height=\"1181\" src=\"https:\/\/holzundstahl.com\/wp-content\/uploads\/2019\/07\/002aPROJEKTE_Startbild-_WOHNEN_LEBEN_ARBEITEN.jpg\" alt=\"\" class=\"wp-image-274\" srcset=\"https:\/\/holzundstahl.com\/wp-content\/uploads\/2019\/07\/002aPROJEKTE_Startbild-_WOHNEN_LEBEN_ARBEITEN.jpg 1378w, https:\/\/holzundstahl.com\/wp-content\/uploads\/2019\/07\/002aPROJEKTE_Startbild-_WOHNEN_LEBEN_ARBEITEN-300x257.jpg 300w, https:\/\/holzundstahl.com\/wp-content\/uploads\/2019\/07\/002aPROJEKTE_Startbild-_WOHNEN_LEBEN_ARBEITEN-768x658.jpg 768w, https:\/\/holzundstahl.com\/wp-content\/uploads\/2019\/07\/002aPROJEKTE_Startbild-_WOHNEN_LEBEN_ARBEITEN-1024x878.jpg 1024w\" sizes=\"(max-width: 1378px) 100vw, 1378px\" \/><\/a><figcaption class=\"wp-element-caption\"><em>F\u00fcr mehr Bilder auf das Bild klicken!<\/em><\/figcaption><\/figure>\n\n\n\n\n\n<figure class=\"wp-block-image\"><a href=\"https:\/\/holzundstahl.com\/?page_id=126\"><img decoding=\"async\" width=\"1024\" height=\"768\" src=\"https:\/\/holzundstahl.com\/wp-content\/uploads\/2019\/07\/002bPROJEKTE_Startbild-_WOHNEN_LEBEN_ARBEITEN-1-1024x768.jpg\" alt=\"\" class=\"wp-image-298\" srcset=\"https:\/\/holzundstahl.com\/wp-content\/uploads\/2019\/07\/002bPROJEKTE_Startbild-_WOHNEN_LEBEN_ARBEITEN-1-1024x768.jpg 1024w, https:\/\/holzundstahl.com\/wp-content\/uploads\/2019\/07\/002bPROJEKTE_Startbild-_WOHNEN_LEBEN_ARBEITEN-1-300x225.jpg 300w, https:\/\/holzundstahl.com\/wp-content\/uploads\/2019\/07\/002bPROJEKTE_Startbild-_WOHNEN_LEBEN_ARBEITEN-1-768x576.jpg 768w, https:\/\/holzundstahl.com\/wp-content\/uploads\/2019\/07\/002bPROJEKTE_Startbild-_WOHNEN_LEBEN_ARBEITEN-1.jpg 1600w\" sizes=\"(max-width: 1024px) 100vw, 1024px\" \/><\/a><figcaption class=\"wp-element-caption\"><em>F\u00fcr mehr Bilder auf das Bild klicken!<\/em><\/figcaption><\/figure>\n\n\n\n<p><\/p>\n<\/div>\n\n\n\n<div class=\"is-layout-flow wp-block-column\">\n<p style=\"text-align: justify;\"><a href=\"https:\/\/holzundstahl.com\/?page_id=128\">WILLKOMMENSEIN\u00a0 |\u00a0 \u00a0 BEGEISTERT WERDEN\u00a0 |\u00a0 \u00a0 NEUGIERIGBLEIBEN<\/a><br \/><br \/>Verweilen Sie mit allen Sinnen f\u00fcr alle Sinne.<\/p>\n\n\n\n<figure class=\"wp-block-image\"><a href=\"https:\/\/holzundstahl.com\/?page_id=128\"><img decoding=\"async\" src=\"http:\/\/holzundstahl.com\/wp-content\/uploads\/2019\/07\/IMG_0201-1024x768.jpg\" alt=\"\" class=\"wp-image-9\"\/><\/a><figcaption class=\"wp-element-caption\"><em>F\u00fcr mehr Bilder auf das Bild klicken!<\/em><\/figcaption><\/figure>\n<\/div>\n<\/div>\n\n\n\n<p><\/p>\n","protected":false},"excerpt":{"rendered":"<p>Seit 2003 stehen wir mit unseren individuellen Projekten rund um&#8217;s Bauen im Bestand f\u00fcr schw\u00e4bisch-deutsche Qualit\u00e4t. Wir \u00fcberzeugen durch kompetente_kreative_gestalterische Planung mit unserem Ingenieurb\u00fcro b\u00f6ttinger sowie der Ausf\u00fchrung durch die Firma holzundstahl. Lassen Sie sich von den nachstehenden LeistungsBereichen faszinieren und tauchen Sie ein in die einzelnen ReferenzProjekte. MODERNISIEREN |<\/p>\n","protected":false},"author":1,"featured_media":0,"parent":0,"menu_order":0,"comment_status":"closed","ping_status":"closed","template":"page-templates\/template-fullwidth.php","meta":[],"_links":{"self":[{"href":"https:\/\/holzundstahl.com\/index.php?rest_route=\/wp\/v2\/pages\/16"}],"collection":[{"href":"https:\/\/holzundstahl.com\/index.php?rest_route=\/wp\/v2\/pages"}],"about":[{"href":"https:\/\/holzundstahl.com\/index.php?rest_route=\/wp\/v2\/types\/page"}],"author":[{"embeddable":true,"href":"https:\/\/holzundstahl.com\/index.php?rest_route=\/wp\/v2\/users\/1"}],"replies":[{"embeddable":true,"href":"https:\/\/holzundstahl.com\/index.php?rest_route=%2Fwp%2Fv2%2Fcomments&post=16"}],"version-history":[{"count":87,"href":"https:\/\/holzundstahl.com\/index.php?rest_route=\/wp\/v2\/pages\/16\/revisions"}],"predecessor-version":[{"id":973,"href":"https:\/\/holzundstahl.com\/index.php?rest_route=\/wp\/v2\/pages\/16\/revisions\/973"}],"wp:attachment":[{"href":"https:\/\/holzundstahl.com\/index.php?rest_route=%2Fwp%2Fv2%2Fmedia&parent=16"}],"curies":[{"name":"wp","href":"https:\/\/api.w.org\/{rel}","templated":true}]}}