{"id":18,"date":"2019-07-06T15:45:40","date_gmt":"2019-07-06T15:45:40","guid":{"rendered":"http:\/\/holzundstahl.com\/?page_id=18"},"modified":"2024-09-18T21:28:48","modified_gmt":"2024-09-18T21:28:48","slug":"kontakt","status":"publish","type":"page","link":"https:\/\/holzundstahl.com\/?page_id=18","title":{"rendered":"KONTAKT"},"content":{"rendered":"\n<p>b\u00f6ttinger <span style=\"font-size: 10pt;\"><em>INGENIEURLEISTUNGEN. PROJEKTMANAGEMENT. ARCHITEKTUR.<\/em><\/span><br \/>holzundstahl <span style=\"font-size: 10pt;\"><em>PLANUNG. GESTALTUNG. AUSF\u00dcHRUNG.<span style=\"font-size: 8pt;\"><br \/><\/span><\/em><\/span><br \/>B\u00f6ttinger<br \/>M\u00f6ttlinger Stra\u00dfe 21\/1<br \/><span>75382 Neuhengstett<\/span><\/p>\n<p><span>Mobil: +49 (0) 174 9957908 <\/span><br data-rich-text-line-break=\"true\" \/><span>Telefon: +49 (0) 7051 799694<\/span><br data-rich-text-line-break=\"true\" \/><span>Fax: +49 (0) 7051 799693<\/span><\/p>\n<p><a href=\"mailto:ingenieurleistungen@holzundstahl.com\" data-rich-text-format-boundary=\"true\">ingenieurleistungen@holzundstahl.com<\/a><br data-rich-text-line-break=\"true\" \/><span style=\"font-size: 10pt;\"><a href=\"mailto:info@holzundstahl.com\">info@holzundstahl.com<\/a><\/span><\/p>\n\n\n\n<p><\/p>\n\n\n\n<div class=\"is-layout-flex wp-container-3 wp-block-columns has-2-columns\">\n<div class=\"is-layout-flow wp-block-column\">\n<p><strong>B\u00fcro:<\/strong><br>M\u00f6ttlinger Stra\u00dfe 21\/1<br>75328 Neuhengstett<br>Deutschland <\/p>\n\n\n\n<iframe src=\"https:\/\/www.google.com\/maps\/embed?pb=!1m18!1m12!1m3!1d2631.230681419228!2d8.779608115670177!3d48.73929007927611!2m3!1f0!2f0!3f0!3m2!1i1024!2i768!4f13.1!3m3!1m2!1s0x479767c8ded3c853%3A0xb88c8bb770194b77!2sM%C3%B6ttlinger+Str.+21%2C+75382+Althengstett!5e0!3m2!1sde!2sde!4v1563808001167!5m2!1sde!2sde\" width=\"600\" height=\"450\" frameborder=\"0\" style=\"border:0\" allowfullscreen=\"\"><\/iframe>\n<\/div>\n\n\n\n<div class=\"is-layout-flow wp-block-column\">\n<p><strong data-rich-text-format-boundary=\"true\">Werkstatt:<\/strong><br data-rich-text-line-break=\"true\"><span>Carl-Benz-Stra\u00dfe 2<\/span><br data-rich-text-line-break=\"true\"><span>75382 Althengstett<\/span><br data-rich-text-line-break=\"true\"><span>Deutschland <\/span><\/p>\n\n\n\n<iframe src=\"https:\/\/www.google.com\/maps\/embed?pb=!1m18!1m12!1m3!1d2631.7340341639365!2d8.781695951571782!3d48.72967351761301!2m3!1f0!2f0!3f0!3m2!1i1024!2i768!4f13.1!3m3!1m2!1s0x479767bf7d7b928b%3A0x7b087729ebc87699!2sCarl-Benz-Stra%C3%9Fe+2%2C+75382+Althengstett!5e0!3m2!1sde!2sde!4v1563808083254!5m2!1sde!2sde\" width=\"600\" height=\"450\" frameborder=\"0\" style=\"border:0\" allowfullscreen=\"\"><\/iframe>\n<\/div>\n<\/div>\n\n\n\n<div class=\"is-layout-flex wp-container-6 wp-block-columns has-2-columns\">\n<div class=\"is-layout-flow wp-block-column\">\n<p><\/p>\n\n\n\n<p><\/p>\n<\/div>\n\n\n\n<div class=\"is-layout-flow wp-block-column\"><\/div>\n<\/div>\n\n\n\n<div class=\"is-layout-flex wp-container-9 wp-block-columns has-2-columns\">\n<div class=\"is-layout-flow wp-block-column\"><\/div>\n\n\n\n<div class=\"is-layout-flow wp-block-column\"><\/div>\n<\/div>\n","protected":false},"excerpt":{"rendered":"<p>b\u00f6ttinger INGENIEURLEISTUNGEN. PROJEKTMANAGEMENT. ARCHITEKTUR.holzundstahl PLANUNG. GESTALTUNG. AUSF\u00dcHRUNG.B\u00f6ttingerM\u00f6ttlinger Stra\u00dfe 21\/175382 Neuhengstett Mobil: +49 (0) 174 9957908 Telefon: +49 (0) 7051 799694Fax: +49 (0) 7051 799693 ingenieurleistungen@holzundstahl.cominfo@holzundstahl.com B\u00fcro:M\u00f6ttlinger Stra\u00dfe 21\/175328 NeuhengstettDeutschland Werkstatt:Carl-Benz-Stra\u00dfe 275382 AlthengstettDeutschland<\/p>\n","protected":false},"author":1,"featured_media":0,"parent":0,"menu_order":0,"comment_status":"closed","ping_status":"closed","template":"page-templates\/template-fullwidth.php","meta":[],"_links":{"self":[{"href":"https:\/\/holzundstahl.com\/index.php?rest_route=\/wp\/v2\/pages\/18"}],"collection":[{"href":"https:\/\/holzundstahl.com\/index.php?rest_route=\/wp\/v2\/pages"}],"about":[{"href":"https:\/\/holzundstahl.com\/index.php?rest_route=\/wp\/v2\/types\/page"}],"author":[{"embeddable":true,"href":"https:\/\/holzundstahl.com\/index.php?rest_route=\/wp\/v2\/users\/1"}],"replies":[{"embeddable":true,"href":"https:\/\/holzundstahl.com\/index.php?rest_route=%2Fwp%2Fv2%2Fcomments&post=18"}],"version-history":[{"count":65,"href":"https:\/\/holzundstahl.com\/index.php?rest_route=\/wp\/v2\/pages\/18\/revisions"}],"predecessor-version":[{"id":972,"href":"https:\/\/holzundstahl.com\/index.php?rest_route=\/wp\/v2\/pages\/18\/revisions\/972"}],"wp:attachment":[{"href":"https:\/\/holzundstahl.com\/index.php?rest_route=%2Fwp%2Fv2%2Fmedia&parent=18"}],"curies":[{"name":"wp","href":"https:\/\/api.w.org\/{rel}","templated":true}]}}