{"id":26,"date":"2019-07-06T15:47:30","date_gmt":"2019-07-06T15:47:30","guid":{"rendered":"http:\/\/holzundstahl.com\/?page_id=26"},"modified":"2019-07-27T09:31:55","modified_gmt":"2019-07-27T09:31:55","slug":"holzundstahl","status":"publish","type":"page","link":"https:\/\/holzundstahl.com\/","title":{"rendered":"b\u00f6ttinger holzundstahl"},"content":{"rendered":"\n<h2>&#8222;Gr\u00fc\u00df-GOTT&#8220;<\/h2>\n\n\n\n<p>Ein herzliches Willkommen auf der Website des B\u00fcros <strong><em>b\u00f6ttinger<\/em><\/strong> <span style=\"font-size: 10pt;\"><em>INGENIEURLEISTUNGEN<\/em><em>. <\/em><em>PROJEKTMANAGEMENT<\/em><em>. <\/em><em>ARCHITEKTUR<\/em><\/span><em><span style=\"font-size: 10pt;\">.<\/span> <\/em>sowie der Firma <strong><em>holzundstahl <\/em><\/strong><span style=\"font-size: 10pt;\"><em>PLANUNG. GESTALTUNG. AUSF\u00dcHRUNG.<\/em> <\/span>Klicken Sie sich durch. Wer WIR sind. Was WIR machen. Welche WERTE uns beim Schaffen wichtig sind. Lassen Sie sich durch unsere PROJEKTE Impulse f\u00fcr Ihre Bauidee geben. \u00dcber eine KONTAKTaufnahme freuen wir uns.<\/p>\n\n\n\n<p> <em>Ihr<\/em>e<em> Ulrich H. B\u00f6ttinger und Petra B\u00f6ttinger, Neuhengstett <\/em><\/p>\n","protected":false},"excerpt":{"rendered":"<p>&#8222;Gr\u00fc\u00df-GOTT&#8220; Ein herzliches Willkommen auf der Website des B\u00fcros b\u00f6ttinger INGENIEURLEISTUNGEN. PROJEKTMANAGEMENT. ARCHITEKTUR. sowie der Firma holzundstahl PLANUNG. GESTALTUNG. AUSF\u00dcHRUNG. Klicken Sie sich durch. Wer WIR sind. Was WIR machen. Welche WERTE uns beim Schaffen wichtig sind. Lassen Sie sich durch unsere PROJEKTE Impulse f\u00fcr Ihre Bauidee geben. \u00dcber eine<\/p>\n","protected":false},"author":1,"featured_media":0,"parent":0,"menu_order":0,"comment_status":"closed","ping_status":"closed","template":"","meta":[],"_links":{"self":[{"href":"https:\/\/holzundstahl.com\/index.php?rest_route=\/wp\/v2\/pages\/26"}],"collection":[{"href":"https:\/\/holzundstahl.com\/index.php?rest_route=\/wp\/v2\/pages"}],"about":[{"href":"https:\/\/holzundstahl.com\/index.php?rest_route=\/wp\/v2\/types\/page"}],"author":[{"embeddable":true,"href":"https:\/\/holzundstahl.com\/index.php?rest_route=\/wp\/v2\/users\/1"}],"replies":[{"embeddable":true,"href":"https:\/\/holzundstahl.com\/index.php?rest_route=%2Fwp%2Fv2%2Fcomments&post=26"}],"version-history":[{"count":33,"href":"https:\/\/holzundstahl.com\/index.php?rest_route=\/wp\/v2\/pages\/26\/revisions"}],"predecessor-version":[{"id":825,"href":"https:\/\/holzundstahl.com\/index.php?rest_route=\/wp\/v2\/pages\/26\/revisions\/825"}],"wp:attachment":[{"href":"https:\/\/holzundstahl.com\/index.php?rest_route=%2Fwp%2Fv2%2Fmedia&parent=26"}],"curies":[{"name":"wp","href":"https:\/\/api.w.org\/{rel}","templated":true}]}}